{"id":49,"date":"2021-06-23T10:02:03","date_gmt":"2021-06-23T10:02:03","guid":{"rendered":"https:\/\/agridays.it\/?page_id=49"},"modified":"2026-03-18T11:39:49","modified_gmt":"2026-03-18T11:39:49","slug":"progetto","status":"publish","type":"page","link":"https:\/\/agridays.it\/?page_id=49","title":{"rendered":"Progetto"},"content":{"rendered":"\t\t<div data-elementor-type=\"wp-page\" data-elementor-id=\"49\" class=\"elementor elementor-49\" data-elementor-post-type=\"page\">\n\t\t\t\t<div class=\"aux-parallax-section elementor-element elementor-element-d0c8ef4 elementor-hidden-desktop e-flex e-con-boxed e-con e-parent\" data-id=\"d0c8ef4\" data-element_type=\"container\" data-e-type=\"container\">\n\t\t\t\t\t<div class=\"e-con-inner\">\n\t\t\t\t<div class=\"aux-scroll-anim elementor-element elementor-element-d10607e elementor-widget__width-auto aux-appear-watch-animation aux-fade-in-custom elementor-widget elementor-widget-aux_simple_svg\" data-move-in=\"\" data-move-out=\"\" data-axis-x=\"200\" data-axis-y=\"200\" data-rotate=\"90\" data-scale=\"1\" data-vp-top=\"0.5\" data-vp-bot=\"0.5\" data-el-top=\"0.2\" data-scroll-animation-off=\"1024\" data-id=\"d10607e\" data-element_type=\"widget\" data-e-type=\"widget\" data-widget_type=\"aux_simple_svg.default\">\n\t\t\t\t<div class=\"elementor-widget-container\">\n\t\t\t\t\t    <div class=\"aux-widget-container aux-simple-svg-container\">\n        <div class=\"aux-widget-container-inner\">\n            <div class=\"aux-the-svg\"><svg width=\"913\" height=\"913\" viewBox=\"0 0 913 913\" fill=\"none\" xmlns=\"http:\/\/www.w3.org\/2000\/svg\">\r\n<rect x=\"659.535\" y=\"-98\" width=\"497.175\" height=\"1071.32\" rx=\"236.943\" transform=\"rotate(45 659.535 -98)\" fill=\"#FDDDA0\" \/>\r\n<\/svg>\r\n<\/div>\n        <\/div>\n    <\/div>\n    \t\t\t\t<\/div>\n\t\t\t\t<\/div>\n\t\t\t\t<div class=\"elementor-element elementor-element-7ca82dc elementor-widget__width-auto aux-appear-watch-animation aux-fade-in-custom elementor-widget elementor-widget-aux_simple_svg\" data-id=\"7ca82dc\" data-element_type=\"widget\" data-e-type=\"widget\" data-widget_type=\"aux_simple_svg.default\">\n\t\t\t\t<div class=\"elementor-widget-container\">\n\t\t\t\t\t    <div class=\"aux-widget-container aux-simple-svg-container\">\n        <div class=\"aux-widget-container-inner\">\n            <div class=\"aux-the-svg\"><svg width=\"406\" height=\"406\" viewBox=\"0 0 406 406\" fill=\"none\" xmlns=\"http:\/\/www.w3.org\/2000\/svg\">\r\n<rect x=\"382.695\" y=\"-9.19727\" width=\"45.0271\" height=\"553.948\" rx=\"22.5135\" transform=\"rotate(45 382.695 -9.19727)\" fill=\"#FFF5E2\" \/>\r\n<\/svg>\r\n<\/div>\n        <\/div>\n    <\/div>\n    \t\t\t\t<\/div>\n\t\t\t\t<\/div>\n\t\t\t\t<div class=\"elementor-element elementor-element-31139bc elementor-widget__width-auto aux-appear-watch-animation aux-fade-in-custom elementor-widget elementor-widget-aux_simple_svg\" data-id=\"31139bc\" data-element_type=\"widget\" data-e-type=\"widget\" data-widget_type=\"aux_simple_svg.default\">\n\t\t\t\t<div class=\"elementor-widget-container\">\n\t\t\t\t\t    <div class=\"aux-widget-container aux-simple-svg-container\">\n        <div class=\"aux-widget-container-inner\">\n            <div class=\"aux-the-svg\"><svg width=\"79\" height=\"79\" viewBox=\"0 0 79 79\" fill=\"none\" xmlns=\"http:\/\/www.w3.org\/2000\/svg\">\n<rect x=\"55.7246\" y=\"-8.64746\" width=\"45.0271\" height=\"91.8048\" rx=\"22.5135\" transform=\"rotate(45 55.7246 -8.64746)\" fill=\"#FFD483\" \/>\n<\/svg><\/div>\n        <\/div>\n    <\/div>\n    \t\t\t\t<\/div>\n\t\t\t\t<\/div>\n\t\t\t\t<div class=\"elementor-element elementor-element-fcfbb06 aux-appear-watch-animation aux-slide-from-bot elementor-widget elementor-widget-aux_modern_heading\" data-id=\"fcfbb06\" data-element_type=\"widget\" data-e-type=\"widget\" data-widget_type=\"aux_modern_heading.default\">\n\t\t\t\t<div class=\"elementor-widget-container\">\n\t\t\t\t\t<section class=\"aux-widget-modern-heading\">\n            <div class=\"aux-widget-inner\"><h5 class=\"aux-modern-heading-primary\">Cos'\u00e8<\/h5><h2 class=\"aux-modern-heading-secondary\"><span class=\"aux-head-highlight\">AgriDays<\/span><\/h2><div class=\"aux-modern-heading-description\"><p style=\"font-weight: 400\">Agridays \u00e8 il punto di partenza per orientarsi nelle professioni<br \/>dell\u2019agrifood.<br \/>Aiuta studenti delle scuole superiori e neolaureati a capire quali<br \/>ruoli esistano nella filiera agroalimentare ed enogastronomica, per<br \/>scegliere con pi\u00f9 consapevolezza il proprio percorso di studi.<br \/>\u00c8 anche una rete che aggrega scuole, universit\u00e0, imprese e<br \/>organizzazioni del settore, con l\u2019obiettivo di creare un ponte tra<br \/>formazione e opportunit\u00e0 professionali.<\/p><\/div><\/div>\n        <\/section>\t\t\t\t<\/div>\n\t\t\t\t<\/div>\n\t\t\t\t<div class=\"elementor-element elementor-element-d61fcaa aux-appear-watch-animation aux-slide-from-bot elementor-widget elementor-widget-aux_modern_heading\" data-id=\"d61fcaa\" data-element_type=\"widget\" data-e-type=\"widget\" data-widget_type=\"aux_modern_heading.default\">\n\t\t\t\t<div class=\"elementor-widget-container\">\n\t\t\t\t\t<section class=\"aux-widget-modern-heading\">\n            <div class=\"aux-widget-inner\"><h5 class=\"aux-modern-heading-primary\">Perch\u00e8<\/h5><h2 class=\"aux-modern-heading-secondary\"><span class=\"aux-head-highlight\">Un pilastro dell'economia<\/span><\/h2><div class=\"aux-modern-heading-description\"><p style=\"font-weight: 400\">L\u2019agrifood \u00e8 uno dei pilastri dell\u2019economia Italiana ma \u00e8 anche un<br \/>sistema complesso con una filiera di possibilit\u00e0, in cui orientarsi non<br \/>\u00e8 sempre immediato. Agridays nasce per colmare questa distanza:<br \/>mette in relazione i dati e gli eventi del comparto con i percorsi di<br \/>studio e gli sbocchi professionali, dando ai giovani una lente per<br \/>leggere il settore prima di scegliere cosa studiare.<\/p><\/div><\/div>\n        <\/section>\t\t\t\t<\/div>\n\t\t\t\t<\/div>\n\t\t\t\t<div class=\"elementor-element elementor-element-377629e aux-appear-watch-animation aux-slide-from-bot elementor-widget elementor-widget-aux_modern_heading\" data-id=\"377629e\" data-element_type=\"widget\" data-e-type=\"widget\" data-widget_type=\"aux_modern_heading.default\">\n\t\t\t\t<div class=\"elementor-widget-container\">\n\t\t\t\t\t<section class=\"aux-widget-modern-heading\">\n            <div class=\"aux-widget-inner\"><h5 class=\"aux-modern-heading-primary\">Per chi<\/h5><h2 class=\"aux-modern-heading-secondary\"><span class=\"aux-head-highlight\">STUDENTI, SCUOLE, ENTI<\/span><\/h2><div class=\"aux-modern-heading-description\"><p style=\"font-weight: 400\">Agridays si rivolge a tre attori del sistema agrifood. Studenti delle<br \/>scuole superiori e neolaureati alla ricerca del proprio futuro<br \/>professionale. Scuole, universit\u00e0 e ITS impegnati nella formazione.<br \/>Imprese che cercano giovani talenti da inserire nel proprio organico.<br \/>Un punto di incontro tra chi studia oggi e chi costruisce il sistema<br \/>agrifood di domani.<\/p><\/div><\/div>\n        <\/section>\t\t\t\t<\/div>\n\t\t\t\t<\/div>\n\t\t\t\t<div class=\"elementor-element elementor-element-f06ec94 aux-appear-watch-animation aux-slide-from-bot elementor-widget elementor-widget-aux_modern_heading\" data-id=\"f06ec94\" data-element_type=\"widget\" data-e-type=\"widget\" data-widget_type=\"aux_modern_heading.default\">\n\t\t\t\t<div class=\"elementor-widget-container\">\n\t\t\t\t\t<section class=\"aux-widget-modern-heading\">\n            <div class=\"aux-widget-inner\"><h5 class=\"aux-modern-heading-primary\">Come<\/h5><h2 class=\"aux-modern-heading-secondary\"><span class=\"aux-head-highlight\">DAL SALONE ALLA PIATTAFORMA<\/span><\/h2><div class=\"aux-modern-heading-description\"><p class=\"p1\">Agridays combina presenza fisica e digitale in un unico percorso di<br \/>orientamento. Il Salone \u00e8 il momento dell\u2019incontro diretto: confronto<br \/>con scuole, universit\u00e0, professionisti e giovani gi\u00e0 attivi<br \/>nell\u2019agrifood. La piattaforma online prolunga questa esperienza<br \/>tutto l\u2019anno, rendendo disponibili percorsi formativi, profili<br \/>professionali, dati di settore e testimonianze.<\/p><\/div><\/div>\n        <\/section>\t\t\t\t<\/div>\n\t\t\t\t<\/div>\n\t\t\t\t<div class=\"elementor-element elementor-element-a60ee04 aux-appear-watch-animation aux-slide-from-bot elementor-widget elementor-widget-aux_modern_heading\" data-id=\"a60ee04\" data-element_type=\"widget\" data-e-type=\"widget\" data-widget_type=\"aux_modern_heading.default\">\n\t\t\t\t<div class=\"elementor-widget-container\">\n\t\t\t\t\t<section class=\"aux-widget-modern-heading\">\n            <div class=\"aux-widget-inner\"><h5 class=\"aux-modern-heading-primary\">Regia<\/h5><h2 class=\"aux-modern-heading-secondary\"><span class=\"aux-head-highlight\">CHI ORIENTA DA ANNI<\/span><\/h2><div class=\"aux-modern-heading-description\"><p class=\"p1\">Agridays \u00e8 promosso dalla Fondazione Italia Education, da oltre<br \/>trent\u2019anni leader nell\u2019orientamento in Italia. Ha ideato lo <a href=\"https:\/\/www.younginternationalforum.com\/\">Young<\/a><br \/>International Forum, \u00a0<a href=\"https:\/\/www.orientasud.it\">OrientaSud<\/a> e <a href=\"https:\/\/www.italiaeducation.it\/citta\/\">l'Educazional Tour<\/a>. guidando migliaia di studenti e<br \/>costruendo reti tra scuole, universit\u00e0 e imprese. Agridays nasce da<br \/>questa esperienza: competenza e concretezza per chi vuole<br \/>costruire il proprio futuro nell\u2019agrifood.<\/p><\/div><\/div>\n        <\/section>\t\t\t\t<\/div>\n\t\t\t\t<\/div>\n\t\t\t\t\t<\/div>\n\t\t\t\t<\/div>\n\t\t<div class=\"aux-parallax-section elementor-element elementor-element-2d7b696 elementor-hidden-tablet elementor-hidden-mobile e-flex e-con-boxed e-con e-parent\" data-id=\"2d7b696\" data-element_type=\"container\" data-e-type=\"container\">\n\t\t\t\t\t<div class=\"e-con-inner\">\n\t\t\t\t<div class=\"aux-scroll-anim elementor-element elementor-element-f522e7c elementor-widget__width-auto aux-appear-watch-animation aux-fade-in-custom elementor-widget elementor-widget-aux_simple_svg\" data-move-in=\"\" data-move-out=\"\" data-axis-x=\"200\" data-axis-y=\"200\" data-rotate=\"90\" data-scale=\"1\" data-vp-top=\"0.5\" data-vp-bot=\"0.5\" data-el-top=\"0.2\" data-scroll-animation-off=\"1024\" data-id=\"f522e7c\" data-element_type=\"widget\" data-e-type=\"widget\" data-widget_type=\"aux_simple_svg.default\">\n\t\t\t\t<div class=\"elementor-widget-container\">\n\t\t\t\t\t    <div class=\"aux-widget-container aux-simple-svg-container\">\n        <div class=\"aux-widget-container-inner\">\n            <div class=\"aux-the-svg\"><svg width=\"913\" height=\"913\" viewBox=\"0 0 913 913\" fill=\"none\" xmlns=\"http:\/\/www.w3.org\/2000\/svg\">\r\n<rect x=\"659.535\" y=\"-98\" width=\"497.175\" height=\"1071.32\" rx=\"236.943\" transform=\"rotate(45 659.535 -98)\" fill=\"#FDDDA0\" \/>\r\n<\/svg>\r\n<\/div>\n        <\/div>\n    <\/div>\n    \t\t\t\t<\/div>\n\t\t\t\t<\/div>\n\t\t<div class=\"elementor-element elementor-element-2054b0a e-con-full e-flex e-con e-child\" data-id=\"2054b0a\" data-element_type=\"container\" data-e-type=\"container\">\n\t\t\t\t<div class=\"elementor-element elementor-element-e2299c5 aux-appear-watch-animation aux-slide-from-bot elementor-widget elementor-widget-aux_modern_heading\" data-id=\"e2299c5\" data-element_type=\"widget\" data-e-type=\"widget\" data-widget_type=\"aux_modern_heading.default\">\n\t\t\t\t<div class=\"elementor-widget-container\">\n\t\t\t\t\t<section class=\"aux-widget-modern-heading\">\n            <div class=\"aux-widget-inner\"><h5 class=\"aux-modern-heading-primary\">Cos'\u00e8<\/h5><h2 class=\"aux-modern-heading-secondary\"><span class=\"aux-head-highlight\">AgriDays<\/span><\/h2><div class=\"aux-modern-heading-description\"><p style=\"font-weight: 400\">Agridays \u00e8 il punto di partenza per orientarsi nelle professioni<br \/>dell\u2019agrifood.<br \/>Aiuta studenti delle scuole superiori e neolaureati a capire quali<br \/>ruoli esistano nella filiera agroalimentare ed enogastronomica, per<br \/>scegliere con pi\u00f9 consapevolezza il proprio percorso di studi.<br \/>\u00c8 anche una rete che aggrega scuole, universit\u00e0, imprese e<br \/>organizzazioni del settore, con l\u2019obiettivo di creare un ponte tra<br \/>formazione e opportunit\u00e0 professionali.<\/p><\/div><\/div>\n        <\/section>\t\t\t\t<\/div>\n\t\t\t\t<\/div>\n\t\t\t\t<\/div>\n\t\t\t\t<div class=\"elementor-element elementor-element-5bd70b7 elementor-widget__width-auto aux-appear-watch-animation aux-fade-in-custom elementor-widget elementor-widget-aux_simple_svg\" data-id=\"5bd70b7\" data-element_type=\"widget\" data-e-type=\"widget\" data-widget_type=\"aux_simple_svg.default\">\n\t\t\t\t<div class=\"elementor-widget-container\">\n\t\t\t\t\t    <div class=\"aux-widget-container aux-simple-svg-container\">\n        <div class=\"aux-widget-container-inner\">\n            <div class=\"aux-the-svg\"><svg width=\"406\" height=\"406\" viewBox=\"0 0 406 406\" fill=\"none\" xmlns=\"http:\/\/www.w3.org\/2000\/svg\">\r\n<rect x=\"382.695\" y=\"-9.19727\" width=\"45.0271\" height=\"553.948\" rx=\"22.5135\" transform=\"rotate(45 382.695 -9.19727)\" fill=\"#FFF5E2\" \/>\r\n<\/svg>\r\n<\/div>\n        <\/div>\n    <\/div>\n    \t\t\t\t<\/div>\n\t\t\t\t<\/div>\n\t\t\t\t<div class=\"elementor-element elementor-element-38d2787 elementor-widget__width-auto aux-appear-watch-animation aux-fade-in-custom elementor-widget elementor-widget-aux_simple_svg\" data-id=\"38d2787\" data-element_type=\"widget\" data-e-type=\"widget\" data-widget_type=\"aux_simple_svg.default\">\n\t\t\t\t<div class=\"elementor-widget-container\">\n\t\t\t\t\t    <div class=\"aux-widget-container aux-simple-svg-container\">\n        <div class=\"aux-widget-container-inner\">\n            <div class=\"aux-the-svg\"><svg width=\"79\" height=\"79\" viewBox=\"0 0 79 79\" fill=\"none\" xmlns=\"http:\/\/www.w3.org\/2000\/svg\">\n<rect x=\"55.7246\" y=\"-8.64746\" width=\"45.0271\" height=\"91.8048\" rx=\"22.5135\" transform=\"rotate(45 55.7246 -8.64746)\" fill=\"#FFD483\" \/>\n<\/svg><\/div>\n        <\/div>\n    <\/div>\n    \t\t\t\t<\/div>\n\t\t\t\t<\/div>\n\t\t\t\t\t<\/div>\n\t\t\t\t<\/div>\n\t\t<div class=\"aux-parallax-section elementor-element elementor-element-26b1fec elementor-hidden-tablet elementor-hidden-mobile e-flex e-con-boxed e-con e-parent\" data-id=\"26b1fec\" data-element_type=\"container\" data-e-type=\"container\">\n\t\t\t\t\t<div class=\"e-con-inner\">\n\t\t<div class=\"elementor-element elementor-element-21c5d57 e-con-full e-flex e-con e-child\" data-id=\"21c5d57\" data-element_type=\"container\" data-e-type=\"container\">\n\t\t<div class=\"elementor-element elementor-element-30a9b8b e-con-full e-flex e-con e-child\" data-id=\"30a9b8b\" data-element_type=\"container\" data-e-type=\"container\">\n\t\t<div class=\"elementor-element elementor-element-7192404 e-con-full e-flex e-con e-child\" data-id=\"7192404\" data-element_type=\"container\" data-e-type=\"container\">\n\t\t\t\t<div class=\"elementor-element elementor-element-42f2cee aux-appear-watch-animation aux-slide-from-bot elementor-widget elementor-widget-aux_modern_heading\" data-id=\"42f2cee\" data-element_type=\"widget\" data-e-type=\"widget\" data-widget_type=\"aux_modern_heading.default\">\n\t\t\t\t<div class=\"elementor-widget-container\">\n\t\t\t\t\t<section class=\"aux-widget-modern-heading\">\n            <div class=\"aux-widget-inner\"><h2 class=\"aux-modern-heading-primary\">Perch\u00e8<\/h2><\/div>\n        <\/section>\t\t\t\t<\/div>\n\t\t\t\t<\/div>\n\t\t\t\t<\/div>\n\t\t<div class=\"elementor-element elementor-element-e13733c e-con-full e-flex e-con e-child\" data-id=\"e13733c\" data-element_type=\"container\" data-e-type=\"container\">\n\t\t\t\t<div class=\"elementor-element elementor-element-82dc9e4 aux-appear-watch-animation aux-fade-in-right-1 elementor-widget elementor-widget-aux_modern_heading\" data-id=\"82dc9e4\" data-element_type=\"widget\" data-e-type=\"widget\" data-widget_type=\"aux_modern_heading.default\">\n\t\t\t\t<div class=\"elementor-widget-container\">\n\t\t\t\t\t<section class=\"aux-widget-modern-heading\">\n            <div class=\"aux-widget-inner\"><h2 class=\"aux-modern-heading-primary\">Un pilastro dell'economia<\/h2><div class=\"aux-modern-heading-description\"><p class=\"p1\">L\u2019agrifood \u00e8 uno dei pilastri dell\u2019economia Italiana ma \u00e8 anche un<br \/>sistema complesso con una filiera di possibilit\u00e0, in cui orientarsi non<br \/>\u00e8 sempre immediato. Agridays nasce per colmare questa distanza:<br \/>mette in relazione i dati e gli eventi del comparto con i percorsi di<br \/>studio e gli sbocchi professionali, dando ai giovani una lente per<br \/>leggere il settore prima di scegliere cosa studiare.<\/p><\/div><\/div>\n        <\/section>\t\t\t\t<\/div>\n\t\t\t\t<\/div>\n\t\t\t\t<\/div>\n\t\t\t\t<\/div>\n\t\t<div class=\"elementor-element elementor-element-39c75e2 e-con-full e-flex e-con e-child\" data-id=\"39c75e2\" data-element_type=\"container\" data-e-type=\"container\">\n\t\t<div class=\"elementor-element elementor-element-451b9d1 e-con-full e-flex e-con e-child\" data-id=\"451b9d1\" data-element_type=\"container\" data-e-type=\"container\">\n\t\t\t\t<div class=\"elementor-element elementor-element-c99a9a3 aux-appear-watch-animation aux-slide-from-bot elementor-widget elementor-widget-aux_modern_heading\" data-id=\"c99a9a3\" data-element_type=\"widget\" data-e-type=\"widget\" data-widget_type=\"aux_modern_heading.default\">\n\t\t\t\t<div class=\"elementor-widget-container\">\n\t\t\t\t\t<section class=\"aux-widget-modern-heading\">\n            <div class=\"aux-widget-inner\"><h2 class=\"aux-modern-heading-primary\">Per chi<\/h2><\/div>\n        <\/section>\t\t\t\t<\/div>\n\t\t\t\t<\/div>\n\t\t\t\t<\/div>\n\t\t<div class=\"elementor-element elementor-element-e54be9d e-con-full e-flex e-con e-child\" data-id=\"e54be9d\" data-element_type=\"container\" data-e-type=\"container\">\n\t\t\t\t<div class=\"elementor-element elementor-element-18ad54b aux-appear-watch-animation aux-fade-in-right-1 elementor-widget elementor-widget-aux_modern_heading\" data-id=\"18ad54b\" data-element_type=\"widget\" data-e-type=\"widget\" data-widget_type=\"aux_modern_heading.default\">\n\t\t\t\t<div class=\"elementor-widget-container\">\n\t\t\t\t\t<section class=\"aux-widget-modern-heading\">\n            <div class=\"aux-widget-inner\"><h2 class=\"aux-modern-heading-primary\">STUDENTI, SCUOLE, ENTI<\/h2><div class=\"aux-modern-heading-description\"><p class=\"p1\">Agridays si rivolge a tre attori del sistema agrifood. Studenti delle<br \/>scuole superiori e neolaureati alla ricerca del proprio futuro<br \/>professionale. Scuole, universit\u00e0 e ITS impegnati nella formazione.<br \/>Imprese che cercano giovani talenti da inserire nel proprio organico.<br \/>Un punto di incontro tra chi studia oggi e chi costruisce il sistema<br \/>agrifood di domani.<\/p><\/div><\/div>\n        <\/section>\t\t\t\t<\/div>\n\t\t\t\t<\/div>\n\t\t\t\t<\/div>\n\t\t\t\t<\/div>\n\t\t<div class=\"elementor-element elementor-element-ce38955 e-con-full e-flex e-con e-child\" data-id=\"ce38955\" data-element_type=\"container\" data-e-type=\"container\">\n\t\t<div class=\"elementor-element elementor-element-69c3124 e-con-full e-flex e-con e-child\" data-id=\"69c3124\" data-element_type=\"container\" data-e-type=\"container\">\n\t\t\t\t<div class=\"elementor-element elementor-element-d4102d0 aux-appear-watch-animation aux-slide-from-bot elementor-widget elementor-widget-aux_modern_heading\" data-id=\"d4102d0\" data-element_type=\"widget\" data-e-type=\"widget\" data-widget_type=\"aux_modern_heading.default\">\n\t\t\t\t<div class=\"elementor-widget-container\">\n\t\t\t\t\t<section class=\"aux-widget-modern-heading\">\n            <div class=\"aux-widget-inner\"><h2 class=\"aux-modern-heading-primary\">Come<\/h2><\/div>\n        <\/section>\t\t\t\t<\/div>\n\t\t\t\t<\/div>\n\t\t\t\t<\/div>\n\t\t<div class=\"elementor-element elementor-element-38f37fa e-con-full e-flex e-con e-child\" data-id=\"38f37fa\" data-element_type=\"container\" data-e-type=\"container\">\n\t\t\t\t<div class=\"elementor-element elementor-element-5f348f6 aux-appear-watch-animation aux-fade-in-right-1 elementor-widget__width-inherit elementor-widget elementor-widget-aux_modern_heading\" data-id=\"5f348f6\" data-element_type=\"widget\" data-e-type=\"widget\" data-widget_type=\"aux_modern_heading.default\">\n\t\t\t\t<div class=\"elementor-widget-container\">\n\t\t\t\t\t<section class=\"aux-widget-modern-heading\">\n            <div class=\"aux-widget-inner\"><h2 class=\"aux-modern-heading-primary\">DAL SALONE ALLA PIATTAFORMA<\/h2><div class=\"aux-modern-heading-description\"><p class=\"p1\">Agridays combina presenza fisica e digitale in un unico percorso di<br \/>orientamento. Il Salone \u00e8 il momento dell\u2019incontro diretto: confronto<br \/>con scuole, universit\u00e0, professionisti e giovani gi\u00e0 attivi<br \/>nell\u2019agrifood. La piattaforma online prolunga questa esperienza<br \/>tutto l\u2019anno, rendendo disponibili percorsi formativi, profili<br \/>professionali, dati di settore e testimonianze.<\/p><\/div><\/div>\n        <\/section>\t\t\t\t<\/div>\n\t\t\t\t<\/div>\n\t\t\t\t<\/div>\n\t\t\t\t<\/div>\n\t\t<div class=\"elementor-element elementor-element-5f3b50f e-con-full e-flex e-con e-child\" data-id=\"5f3b50f\" data-element_type=\"container\" data-e-type=\"container\">\n\t\t<div class=\"elementor-element elementor-element-842745c e-con-full e-flex e-con e-child\" data-id=\"842745c\" data-element_type=\"container\" data-e-type=\"container\">\n\t\t\t\t<div class=\"elementor-element elementor-element-a28a7e9 aux-appear-watch-animation aux-slide-from-bot elementor-widget elementor-widget-aux_modern_heading\" data-id=\"a28a7e9\" data-element_type=\"widget\" data-e-type=\"widget\" data-widget_type=\"aux_modern_heading.default\">\n\t\t\t\t<div class=\"elementor-widget-container\">\n\t\t\t\t\t<section class=\"aux-widget-modern-heading\">\n            <div class=\"aux-widget-inner\"><h2 class=\"aux-modern-heading-primary\">Regia<\/h2><\/div>\n        <\/section>\t\t\t\t<\/div>\n\t\t\t\t<\/div>\n\t\t\t\t<\/div>\n\t\t<div class=\"elementor-element elementor-element-040781d e-con-full e-flex e-con e-child\" data-id=\"040781d\" data-element_type=\"container\" data-e-type=\"container\">\n\t\t\t\t<div class=\"elementor-element elementor-element-116a756 aux-appear-watch-animation aux-fade-in-right-1 elementor-widget__width-inherit elementor-widget elementor-widget-aux_modern_heading\" data-id=\"116a756\" data-element_type=\"widget\" data-e-type=\"widget\" data-widget_type=\"aux_modern_heading.default\">\n\t\t\t\t<div class=\"elementor-widget-container\">\n\t\t\t\t\t<section class=\"aux-widget-modern-heading\">\n            <div class=\"aux-widget-inner\"><h2 class=\"aux-modern-heading-primary\">CHI ORIENTA DA ANNI<\/h2><div class=\"aux-modern-heading-description\"><p class=\"p1\">Agridays \u00e8 promosso dalla Fondazione Italia Education, da oltre<br \/>trent\u2019anni leader nell\u2019orientamento in Italia. Ha ideato lo <a href=\"https:\/\/www.younginternationalforum.com\/\">Young<\/a><br \/>International Forum, \u00a0<a href=\"https:\/\/www.orientasud.it\">OrientaSud<\/a> e <a href=\"https:\/\/www.italiaeducation.it\/citta\/\">l'Educazional Tour<\/a>. guidando migliaia di studenti e<br \/>costruendo reti tra scuole, universit\u00e0 e imprese. Agridays nasce da<br \/>questa esperienza: competenza e concretezza per chi vuole<br \/>costruire il proprio futuro nell\u2019agrifood.<\/p><\/div><\/div>\n        <\/section>\t\t\t\t<\/div>\n\t\t\t\t<\/div>\n\t\t\t\t<\/div>\n\t\t\t\t<\/div>\n\t\t\t\t<\/div>\n\t\t\t\t\t<\/div>\n\t\t\t\t<\/div>\n\t\t\t\t<\/div>\n\t\t","protected":false},"excerpt":{"rendered":"<p>Cos&#8217;\u00e8 AgriDays Agridays \u00e8 il punto di partenza per orientarsi nelle professionidell\u2019agrifood.Aiuta studenti delle scuole superiori e neolaureati a capire qualiruoli esistano nella filiera agroalimentare ed enogastronomica, perscegliere con pi\u00f9 consapevolezza il proprio percorso di studi.\u00c8 anche una rete che aggrega scuole, universit\u00e0, imprese eorganizzazioni del settore, con l\u2019obiettivo di creare un ponte traformazione e [&hellip;]<\/p>\n","protected":false},"author":1,"featured_media":0,"parent":0,"menu_order":0,"comment_status":"closed","ping_status":"closed","template":"templates\/page-builder-content.php","meta":{"_joinchat":[],"footnotes":""},"class_list":["post-49","page","type-page","status-publish","hentry"],"_links":{"self":[{"href":"https:\/\/agridays.it\/index.php?rest_route=\/wp\/v2\/pages\/49","targetHints":{"allow":["GET"]}}],"collection":[{"href":"https:\/\/agridays.it\/index.php?rest_route=\/wp\/v2\/pages"}],"about":[{"href":"https:\/\/agridays.it\/index.php?rest_route=\/wp\/v2\/types\/page"}],"author":[{"embeddable":true,"href":"https:\/\/agridays.it\/index.php?rest_route=\/wp\/v2\/users\/1"}],"replies":[{"embeddable":true,"href":"https:\/\/agridays.it\/index.php?rest_route=%2Fwp%2Fv2%2Fcomments&post=49"}],"version-history":[{"count":85,"href":"https:\/\/agridays.it\/index.php?rest_route=\/wp\/v2\/pages\/49\/revisions"}],"predecessor-version":[{"id":827,"href":"https:\/\/agridays.it\/index.php?rest_route=\/wp\/v2\/pages\/49\/revisions\/827"}],"wp:attachment":[{"href":"https:\/\/agridays.it\/index.php?rest_route=%2Fwp%2Fv2%2Fmedia&parent=49"}],"curies":[{"name":"wp","href":"https:\/\/api.w.org\/{rel}","templated":true}]}}